{"id":6991,"date":"2022-07-13T08:22:00","date_gmt":"2022-07-13T08:22:00","guid":{"rendered":"https:\/\/the7.io\/elementor-company\/?page_id=6991"},"modified":"2024-03-28T14:31:19","modified_gmt":"2024-03-28T14:31:19","slug":"termini-condizioni","status":"publish","type":"page","link":"https:\/\/www.quadranteigiene.it\/index.php\/termini-condizioni\/","title":{"rendered":"Termini &#038; condizioni"},"content":{"rendered":"\t\t<div data-elementor-type=\"wp-page\" data-elementor-id=\"6991\" class=\"elementor elementor-6991\" data-elementor-post-type=\"page\">\n\t\t\t\t\t\t<section class=\"elementor-section elementor-top-section elementor-element elementor-element-53690fd elementor-reverse-tablet elementor-reverse-mobile elementor-section-height-min-height elementor-section-boxed elementor-section-height-default elementor-section-items-middle\" data-id=\"53690fd\" data-element_type=\"section\" data-e-type=\"section\" data-settings=\"{&quot;background_background&quot;:&quot;classic&quot;}\">\n\t\t\t\t\t\t\t<div class=\"elementor-background-overlay\"><\/div>\n\t\t\t\t\t\t\t<div class=\"elementor-container elementor-column-gap-wider\">\n\t\t\t\t\t<div class=\"elementor-column elementor-col-100 elementor-top-column elementor-element elementor-element-29d47ef\" data-id=\"29d47ef\" data-element_type=\"column\" data-e-type=\"column\">\n\t\t\t<div class=\"elementor-widget-wrap elementor-element-populated\">\n\t\t\t\t\t\t<div class=\"elementor-element elementor-element-282b6ea elementor-widget elementor-widget-heading\" data-id=\"282b6ea\" data-element_type=\"widget\" data-e-type=\"widget\" data-widget_type=\"heading.default\">\n\t\t\t\t<div class=\"elementor-widget-container\">\n\t\t\t\t\t<h2 class=\"elementor-heading-title elementor-size-default\">Terms &amp; Conditions<\/h2>\t\t\t\t<\/div>\n\t\t\t\t<\/div>\n\t\t\t\t\t<\/div>\n\t\t<\/div>\n\t\t\t\t\t<\/div>\n\t\t<\/section>\n\t\t\t\t<section class=\"elementor-section elementor-top-section elementor-element elementor-element-6d8b641 elementor-section-boxed elementor-section-height-default elementor-section-height-default\" data-id=\"6d8b641\" data-element_type=\"section\" data-e-type=\"section\">\n\t\t\t\t\t\t<div class=\"elementor-container elementor-column-gap-wider\">\n\t\t\t\t\t<div class=\"elementor-column elementor-col-100 elementor-top-column elementor-element elementor-element-13cef05\" data-id=\"13cef05\" data-element_type=\"column\" data-e-type=\"column\">\n\t\t\t<div class=\"elementor-widget-wrap elementor-element-populated\">\n\t\t\t\t\t\t<div class=\"elementor-element elementor-element-adb3fbf elementor-widget elementor-widget-text-editor\" data-id=\"adb3fbf\" data-element_type=\"widget\" data-e-type=\"widget\" data-widget_type=\"text-editor.default\">\n\t\t\t\t<div class=\"elementor-widget-container\">\n\t\t\t\t\t\t\t\t\t<p>Dati Societ\u00e0<\/p><p><b>Quadrante s.r.l.\u00a0<\/b><\/p><p>Via Pietro Fumaroli, 22 \u2013 00155 Roma<\/p><p><a href=\"mailto:info@quadranteigiene.it\"><b>info@quadranteigiene.it<\/b><\/a><b> \u2013 REA RM-1625601 \u2013 P. IVA: IT15952841003\u00a0<\/b><\/p><p>\u00a0<\/p><p><b>Note generali<\/b><\/p><p><i><span style=\"font-weight: 400;\">Le presenti condizioni generali di vendita sono regolate dal Codice del Consumo (D. Lgs. n. 206\/2005 e s.m.i.) e dalle norme in materia di commercio elettronico (D. Lgs. n. 70\/2003 e s.m.i.) e si applicano esclusivamente alla vendita a distanza tramite web dei Prodotti mostrati sul sito <\/span><\/i><i><span style=\"font-weight: 400;\">www.quadranteigiene.it<\/span><\/i><\/p><p>\u00a0<\/p><p><b>Offerta al pubblico<\/b><\/p><p><span style=\"font-weight: 400;\">I Prodotti ed i Servizi<\/span> <span style=\"font-weight: 400;\">cosi come di seguito specificati:\u00a0<\/span><\/p><ul><li style=\"font-weight: 400;\" aria-level=\"1\"><span style=\"font-weight: 400;\">DETERGENTI E DETERSIVI<\/span><\/li><li style=\"font-weight: 400;\" aria-level=\"1\"><span style=\"font-weight: 400;\">PRODOTTI MONOUSO IN CARTA\/PLASTICA<\/span><\/li><li style=\"font-weight: 400;\" aria-level=\"1\"><span style=\"font-weight: 400;\">DPI, ABBIGLIAMENTO MONOUSO E PRODOTTI COVID<\/span><\/li><li style=\"font-weight: 400;\" aria-level=\"1\"><span style=\"font-weight: 400;\">DISPENSER E ACCESSORI BAGNO, CUCINA<\/span><\/li><li style=\"font-weight: 400;\" aria-level=\"1\"><span style=\"font-weight: 400;\">PRODOTTI ECOSOSTENIBILI<\/span><\/li><li style=\"font-weight: 400;\" aria-level=\"1\"><span style=\"font-weight: 400;\">ATTREZZATURA\/MATERIALE PULIZIA<\/span><\/li><li style=\"font-weight: 400;\" aria-level=\"1\"><span style=\"font-weight: 400;\">SACCHI PER RIFIUTI E PATTUMIERE<\/span><\/li><li style=\"font-weight: 400;\" aria-level=\"1\"><span style=\"font-weight: 400;\">NEBULIZZATORI E ATOMIZZATORI<\/span><\/li><li style=\"font-weight: 400;\" aria-level=\"1\"><span style=\"font-weight: 400;\">MACCHINE LAVASCIUGA E PAVIMENTI<\/span><\/li><\/ul><p><span style=\"font-weight: 400;\">presenti nel Sito <\/span><span style=\"font-weight: 400;\">www.quadranteigiene.it<\/span><span style=\"font-weight: 400;\">, costituiscono un\u2019offerta al pubblico conformemente a quanto disposto dalle vigenti disposizioni di Legge.<\/span><\/p><p><span style=\"font-weight: 400;\">I contratti di acquisto sono conclusi unicamente con la societ\u00e0 <\/span><span style=\"font-weight: 400;\">Quadrante Igiene S.r.l.<\/span><\/p><p><b>Prezzo\u00a0<\/b><\/p><p><span style=\"font-weight: 400;\">Tutti i Prezzi dei prodotti indicati, sono comprensivi di IVA e sono quelli vigenti sul sito <\/span><span style=\"font-weight: 400;\">www.quadranteigiene.it <\/span><span style=\"font-weight: 400;\">al momento dell\u2019invio dell\u2019ordine.<\/span><\/p><p><span style=\"font-weight: 400;\">Le Spese di Consegna e\/o le spese relative agli ulteriori Servizi messi a disposizione adeguatamente dettagliate nell\u2019Ordine di Acquisto, salvo diversa indicazione, sono da intendere sempre a carico del Cliente.<\/span><\/p><p><b>Ordini di acquisto<\/b><\/p><p><span style=\"font-weight: 400;\">Gli Ordini di Acquisto potranno essere effettuati on-line attraverso\u00a0il sito <\/span><span style=\"font-weight: 400;\">www.quadranteigiene.it previa registrazione del cliente e creazione di un account tramite l\u2019utilizzo di e-mail e password.\u00a0<\/span><\/p><p><span style=\"font-weight: 400;\">All\u2019interno dell\u2019account personale dovranno essere indicati i dati necessari alla fatturazione (se richiesta) e per la spedizione della merce.\u00a0<\/span><\/p><p><span style=\"font-weight: 400;\">La procedura di ordine si intende correttamente conclusa qualora non vengono evidenziati messaggi di errore, anche relativamente ai dati indicati.\u00a0<\/span><\/p><p><span style=\"font-weight: 400;\">Il Contratto di Acquisto deve intendersi perfezionato tra la societ\u00e0 Quadrante Igiene s.r.l. e il cliente al momento della ricezione, da parte della societ\u00e0 dell\u2019Ordine effettuato dal Cliente, che sar\u00e0 conseguentemente vincolato al pagamento del relativo prezzo.\u00a0<\/span><\/p><p><span style=\"font-weight: 400;\">A seguito della ricezione dell\u2019Ordine verr\u00e0 inviata una e-mail sull\u2019indirizzo indicato dal Cliente contenente conferma dell\u2019ordine, con il riepilogo dei prodotti e servizi scelti, del prezzo, delle spese di consegna e\/o ulteriori spese, l\u2019indicazione dell\u2019indirizzo di consegna indicato dal cliente, e il numero di ordine da utilizzare in ogni comunicazione con il servizio clienti.\u00a0\u00a0<\/span><\/p><p><span style=\"font-weight: 400;\">Viene altres\u00ec indicato un termine entro il quale il cliente pu\u00f2 modificare i dati forniti qualora risultanti inesatti o incompleti.\u00a0<\/span><\/p><p><span style=\"font-weight: 400;\">Nel caso di indisponibilit\u00e0 del prodotto prescelto, verr\u00e0 effettuata tempestiva comunicazione, e nel caso di avvenuto pagamento dell\u2019ordine la societ\u00e0 Quadrante Igiene s.r.l. provveder\u00e0 all\u2019immediato rimborso del prezzo dei beni indisponibili e il relativo Ordine si intender\u00e0 annullato, eccezion fatta per l\u2019eventuale porzione di Ordine relativa agli ulteriori beni e servizi acquistati e disponibili.<\/span><\/p><p><b><br \/>Modalit\u00e0 di pagamento<\/b><\/p><p><span style=\"font-weight: 400;\">Il pagamento dell\u2019ordine dovr\u00e0 essere effettuato al momento dell\u2019inoltro dello stesso unicamente <\/span><span style=\"font-weight: 400;\">online con carta di credito, tramite gateway bancario Unicredit-pagonline.<\/span><\/p><p><span style=\"font-weight: 400;\">All\u2019esito del pagamento la societ\u00e0 Quadrante Igiene s.r.l. provveder\u00e0 ad emettere fattura elettronica relativa all\u2019ordine di acquisto <\/span><span style=\"font-weight: 400;\">(solo qualora questa venga espressamente richiesta dal cliente)<\/span><span style=\"font-weight: 400;\">. La fattura elettronica verr\u00e0 <\/span><span style=\"font-weight: 400;\">inviata al cliente per il tramite del <\/span><a href=\"https:\/\/www.fattura24.com\/dizionario\/sistema-interscambio-sdi\/\"><span style=\"font-weight: 400;\">Sistema di Interscambio<\/span><\/a><span style=\"font-weight: 400;\"> dell\u2019Agenzia delle Entrate o in alternativa verr\u00e0 inviata all\u2019indirizzo PEC indicato.<\/span><\/p><p><span style=\"font-weight: 400;\">Per l\u2019emissione della fattura faranno fede le informazioni fornite dal Cliente stesso.<\/span><\/p><p><b>Modalit\u00e0 di consegna<\/b><\/p><p><span style=\"font-weight: 400;\">I servizi di Trasporto e Consegna a pagamento vengono eseguiti da Vettori ed Operatori specializzati, appositamente incaricati, <\/span><span style=\"font-weight: 400;\">solo nel territorio italiano.<\/span><\/p><p><span style=\"font-weight: 400;\">Per i costi di consegna si veda <\/span><span style=\"font-weight: 400;\">l\u2019apposita sezione del sito: www.quadranteigiene.it\/costi-spedizione<\/span><\/p><p><span style=\"font-weight: 400;\">Tali costi saranno debitamente evidenziati nel carrello prima del pagamento e successivamente nella conferma d\u2019ordine.<\/span><\/p><p><span style=\"font-weight: 400;\">Sar\u00e0 responsabilit\u00e0 del Cliente fornire tutte le informazioni necessarie all\u2019esecuzione del Servizio, nonch\u00e9 verificare che le informazioni sull\u2019Ordine siano corrette e complete.<\/span><\/p><p><b>Esercizio del diritto di recesso, restituzioni e rimborsi<\/b><\/p><p><span style=\"font-weight: 400;\">Se il Cliente \u00e8 un\u00a0\u201cConsumatore\u201d, cos\u00ec come definito all\u2019articolo 3 del Codice del Consumo, gli competono i diritti di cui agli art.52 e ss. del Codice del Consumo, cos\u00ec come modificato dal D.Lgs del 21\/02\/2014 n.21, e pertanto il diritto di recedere dal Contratto di Acquisto (di seguito\u00a0\u201cDiritto di Recesso\u201d) per qualsiasi motivo, senza spiegazioni e senza alcuna penalit\u00e0, con le modalit\u00e0 di seguito precisate.<\/span><\/p><p><span style=\"font-weight: 400;\">Il Recesso potr\u00e0 avere ad oggetto tutti (Recesso Totale) o soltanto parte (Recesso Parziale) dei Prodotti e\/o Servizi acquistati dal Consumatore. In caso di Prodotti, il periodo di Recesso scade dopo\u00a014\u00a0giorni dal giorno in cui il Consumatore o un terzo, diverso dal Vettore e designato dal Consumatore, acquisisce il possesso fisico dei\/del Prodotti\/o. In caso di Servizi, il periodo di Recesso scade dopo<\/span><b>\u00a0<\/b><span style=\"font-weight: 400;\">14<\/span><b>\u00a0<\/b><span style=\"font-weight: 400;\">giorni dal giorno della conclusione del contratto, fatto salvo quanto previsto all\u2019art. 59 del Codice del Consumo in tema di esclusione del diritto di Recesso in caso di completa prestazione del Servizio qualora l\u2019esecuzione dello stesso venga iniziata con l\u2019accordo espresso del Consumatore.\u00a0<\/span><\/p><p><span style=\"font-weight: 400;\">Il diritto di Recesso si esercita con l\u2019invio \u2013 prima della scadenza del Periodo di Recesso come sopra indicato \u2013 di una comunicazione di recesso, che pu\u00f2 essere inoltrata <\/span><span style=\"font-weight: 400;\">tramite invio di richiesta specifica utilizzando il modulo di contatto reperibile alla pagina <\/span><a href=\"https:\/\/www.quadranteigiene.it\/site\/index.php\/contact\/\"><span style=\"font-weight: 400;\">https:\/\/www.quadranteigiene.it\/contatti<\/span><\/a><span style=\"font-weight: 400;\"> oppure inviando email specifica all\u2019indirizzo <\/span><a href=\"mailto:shop@quadranteigiene.it\"><i><span style=\"font-weight: 400;\">shop@quadranteigiene.it<\/span><\/i><\/a><span style=\"font-weight: 400;\">.\u00a0<\/span><\/p><p><span style=\"font-weight: 400;\">La Comunicazione di Recesso dovr\u00e0 specificare la volont\u00e0 di recedere dall\u2019Acquisto ed il Prodotto\/Servizio o i Prodotti\/Servizi per i quali si intende esercitare il diritto di Recesso <\/span><span style=\"font-weight: 400;\">indicando il relativo numero di ordine<\/span><span style=\"font-weight: 400;\">.<\/span><\/p><p><span style=\"font-weight: 400;\">A seguito del corretto esercizio del diritto di Recesso, cos\u00ec come delineato all\u2019art. 52 e ss. del Codice del Consumo come poc\u2019anzi citato, si provveder\u00e0 ad inoltrare al Consumatore, tramite e-mail il Numero di Pratica.<\/span><\/p><p><span style=\"font-weight: 400;\">Tale Numero dovr\u00e0 essere indicato dal Consumatore al momento della restituzione del\/i Prodotto\/i. La Restituzione del\/i Prodotto\/i dovr\u00e0 avvenire entro 14 giorni dalla data in cui il Consumatore ha comunicato la propria decisione di voler recedere ai sensi dell\u2019art. 52 del Codice del Consumo citato. Tale suindicato termine sar\u00e0 rispettato se il Consumatore rispedisce o riconsegna i\/il Prodotti\/o oggetto di Recesso prima della scadenza dei 14 giorni provvedendo alla relativa spedizione.\u00a0Le spese di trasporto relative alla restituzione del\/dei Prodotto\/i oggetto di Recesso sono a carico del Consumatore e che la Restituzione \u00e8 sotto la completa responsabilit\u00e0 del Consumatore stesso.\u00a0<\/span><\/p><p><span style=\"font-weight: 400;\">Se il diritto di Recesso \u00e8 stato correttamente esercitato secondo quanto previsto gli artt. 52 e ss., si provveder\u00e0 a rimborsare al Consumatore l\u2019intero importo gi\u00e0 pagato per l\u2019acquisto dei Prodotti e\/o dei Servizi, comprensivo delle Spese di Consegna e di tutti gli eventuali ulteriori costi sostenuti, entro\u00a014 (quattordici)\u00a0giorni dal giorno in cui \u00e8 stata informata della decisione del Consumatore di recedere dal Contratto di Acquisto. L\u2019importo verr\u00e0 rimborsato tramite lo stesso mezzo di pagamento utilizzato dal Consumatore per la transazione iniziale, salvo espressa differente richiesta del Consumatore e a condizione che il Consumatore non debba sostenere alcun costo quale conseguenza del rimborso. La societ\u00e0 Quadrante Igiene s.r.l. ai sensi e per gli effetti dell\u2019art. 56 del Codice del Consumo come modificato dal D.Lgs n. 21\/2014, si riserva la facolt\u00e0 di trattenere il rimborso finch\u00e9 non abbia ricevuto i\/il Prodotti\/o.<\/span><\/p><p><b>Garanzia legale<\/b><\/p><p><span style=\"font-weight: 400;\">ll Cliente Consumatore cos\u00ec come definito nell\u2019art. 3 del Codice del Consumo, ha diritto di avvalersi della garanzia legale prevista dal Codice del Consumo stesso agli articoli dal 128 al 132.\u00a0<\/span><\/p><p><span style=\"font-weight: 400;\">Tale Garanzia prevede, tra l\u2019altro, che il Consumatore, a pena di decadenza, denunci alla societ\u00e0 Quadrante Igiene s.r.l. l\u2019eventuale difetto di conformit\u00e0 riscontrato nel prodotto acquistato entro 2 (due) mesi dalla scoperta (art. 132, Codice del Consumo).\u00a0<\/span><\/p><p><span style=\"font-weight: 400;\">A seguito di tale denuncia, il Consumatore avr\u00e0 diritto a richiedere la riparazione o la sostituzione del Prodotto, fermi restando gli altri diritti previsti dalla legge in suo favore.\u00a0<\/span><\/p><p><span style=\"font-weight: 400;\">In virt\u00f9 della Garanzia legale di cui sopra, la societ\u00e0 Quadrante Igiene s.r.l. \u00e8 responsabile per i difetti di conformit\u00e0 che si manifestano entro 2 (due) anni dalla Consegna del Prodotto.\u00a0<\/span><\/p><p><span style=\"font-weight: 400;\">Il Cliente Professionista, cos\u00ec come definito nell\u2019art. 3 del Codice del Consumo, ha diritto di avvalersi della Garanzia legale prevista nel Codice Civile.\u00a0<\/span><\/p><p><span style=\"font-weight: 400;\">Tale Garanzia prevede, tra l\u2019altro, che il Cliente non Consumatore, a pena di decadenza, denunci alla societ\u00e0 Quadrante Igiene s.r.l. l\u2019eventuale vizio riscontrato nel prodotto acquistato entro 8 (otto) giorni dalla scoperta. La garanzia Legale di cui sopra \u00e8 valida per il termine massimo di 12 (dodici) mesi dalla Consegna del Prodotto. Oltre tale termine, la societ\u00e0 Quadrante Igiene s.r.l. pertanto, non sar\u00e0 responsabile dei vizi riscontrati dal Cliente non Consumatore.\u00a0<\/span><\/p><p><b>Comunicazioni\u00a0<\/b><\/p><p><span style=\"font-weight: 400;\">Ogni comunicazione, fatto salvo quanto previsto in caso di esercizio del diritto di recesso, potr\u00e0 essere indirizzata al seguente indirizzo di assistenza clienti: <\/span><b><a href=\"mailto:shop@quadranteigiene.it\"><b>shop@quadranteigiene.it<\/b><\/a><\/b><\/p>\t\t\t\t\t\t\t\t<\/div>\n\t\t\t\t<\/div>\n\t\t\t\t\t<\/div>\n\t\t<\/div>\n\t\t\t\t\t<\/div>\n\t\t<\/section>\n\t\t\t\t<\/div>\n\t\t","protected":false},"excerpt":{"rendered":"<p>Terms &#038; Conditions Dati Societ\u00e0 Quadrante s.r.l.\u00a0 Via Pietro Fumaroli, 22 \u2013 00155 Roma info@quadranteigiene.it \u2013 REA RM-1625601 \u2013 P. IVA: IT15952841003\u00a0 \u00a0 Note generali Le presenti condizioni generali di vendita sono regolate dal Codice del Consumo (D. Lgs. n. 206\/2005 e s.m.i.) e dalle norme in materia di commercio elettronico (D. Lgs. n. 70\/2003&hellip;<\/p>\n","protected":false},"author":1,"featured_media":0,"parent":0,"menu_order":970,"comment_status":"closed","ping_status":"closed","template":"elementor_header_footer","meta":{"footnotes":""},"class_list":["post-6991","page","type-page","status-publish","hentry"],"_links":{"self":[{"href":"https:\/\/www.quadranteigiene.it\/index.php\/wp-json\/wp\/v2\/pages\/6991","targetHints":{"allow":["GET"]}}],"collection":[{"href":"https:\/\/www.quadranteigiene.it\/index.php\/wp-json\/wp\/v2\/pages"}],"about":[{"href":"https:\/\/www.quadranteigiene.it\/index.php\/wp-json\/wp\/v2\/types\/page"}],"author":[{"embeddable":true,"href":"https:\/\/www.quadranteigiene.it\/index.php\/wp-json\/wp\/v2\/users\/1"}],"replies":[{"embeddable":true,"href":"https:\/\/www.quadranteigiene.it\/index.php\/wp-json\/wp\/v2\/comments?post=6991"}],"version-history":[{"count":7,"href":"https:\/\/www.quadranteigiene.it\/index.php\/wp-json\/wp\/v2\/pages\/6991\/revisions"}],"predecessor-version":[{"id":9351,"href":"https:\/\/www.quadranteigiene.it\/index.php\/wp-json\/wp\/v2\/pages\/6991\/revisions\/9351"}],"wp:attachment":[{"href":"https:\/\/www.quadranteigiene.it\/index.php\/wp-json\/wp\/v2\/media?parent=6991"}],"curies":[{"name":"wp","href":"https:\/\/api.w.org\/{rel}","templated":true}]}}