{"id":6978,"date":"2022-07-13T08:17:16","date_gmt":"2022-07-13T08:17:16","guid":{"rendered":"https:\/\/the7.io\/elementor-company\/?page_id=6978"},"modified":"2024-03-22T09:57:27","modified_gmt":"2024-03-22T09:57:27","slug":"privacy-policy-2","status":"publish","type":"page","link":"https:\/\/www.quadranteigiene.it\/index.php\/privacy-policy-2\/","title":{"rendered":"Privacy policy"},"content":{"rendered":"\t\t<div data-elementor-type=\"wp-page\" data-elementor-id=\"6978\" class=\"elementor elementor-6978\" data-elementor-post-type=\"page\">\n\t\t\t\t\t\t<section class=\"elementor-section elementor-top-section elementor-element elementor-element-3e1ff16 elementor-reverse-tablet elementor-reverse-mobile elementor-section-height-min-height elementor-section-boxed elementor-section-height-default elementor-section-items-middle\" data-id=\"3e1ff16\" data-element_type=\"section\" data-e-type=\"section\" data-settings=\"{&quot;background_background&quot;:&quot;classic&quot;}\">\n\t\t\t\t\t\t\t<div class=\"elementor-background-overlay\"><\/div>\n\t\t\t\t\t\t\t<div class=\"elementor-container elementor-column-gap-wider\">\n\t\t\t\t\t<div class=\"elementor-column elementor-col-100 elementor-top-column elementor-element elementor-element-0d6e671\" data-id=\"0d6e671\" data-element_type=\"column\" data-e-type=\"column\">\n\t\t\t<div class=\"elementor-widget-wrap elementor-element-populated\">\n\t\t\t\t\t\t<div class=\"elementor-element elementor-element-0e548c7 elementor-widget elementor-widget-heading\" data-id=\"0e548c7\" data-element_type=\"widget\" data-e-type=\"widget\" data-widget_type=\"heading.default\">\n\t\t\t\t<div class=\"elementor-widget-container\">\n\t\t\t\t\t<h2 class=\"elementor-heading-title elementor-size-default\">Privacy Policy<\/h2>\t\t\t\t<\/div>\n\t\t\t\t<\/div>\n\t\t\t\t\t<\/div>\n\t\t<\/div>\n\t\t\t\t\t<\/div>\n\t\t<\/section>\n\t\t\t\t<section class=\"elementor-section elementor-top-section elementor-element elementor-element-b319620 elementor-section-boxed elementor-section-height-default elementor-section-height-default\" data-id=\"b319620\" data-element_type=\"section\" data-e-type=\"section\">\n\t\t\t\t\t\t<div class=\"elementor-container elementor-column-gap-wider\">\n\t\t\t\t\t<div class=\"elementor-column elementor-col-100 elementor-top-column elementor-element elementor-element-1ef8cda\" data-id=\"1ef8cda\" data-element_type=\"column\" data-e-type=\"column\">\n\t\t\t<div class=\"elementor-widget-wrap elementor-element-populated\">\n\t\t\t\t\t\t<div class=\"elementor-element elementor-element-f17fc4d elementor-widget elementor-widget-text-editor\" data-id=\"f17fc4d\" data-element_type=\"widget\" data-e-type=\"widget\" data-widget_type=\"text-editor.default\">\n\t\t\t\t<div class=\"elementor-widget-container\">\n\t\t\t\t\t\t\t\t\t<p><strong>INFORMATIVA SUL TRATTAMENTO DEI DATI PERSONALI<\/strong><\/p><p><em>ai sensi dell\u2019articolo 13 del D. Lgs. 196\/2003 e dell\u2019articolo 13 del Regolamento UE 2016\/679 relativo alla protezione delle persone fisiche con riguardo al trattamento dei dati personali <\/em><\/p><p>Quadrante Igiene S.r.l. per gestire i rapporti con i propri utenti, acquisisce solitamente i loro dati personali attraverso il sito www.quadranteigiene.it , oppure raccogliendoli talvolta anche verbalmente o tramite terzi.&nbsp;<\/p><p>&nbsp;<\/p><p>Quadrante Igiene S.r.l. considera la privacy come un valore fondamentale e si adopera costantemente per trattare le informazioni che ti riguardano con correttezza, liceit\u00e0, e trasparenza, tutelando sempre la tua riservatezza ed i tuoi diritti in conformit\u00e0 al Regolamento UE 2016\/679, al Dlgs 196\/2003 e alle altre disposizioni applicabili in materia di protezione dei dati personali.<\/p><p>&nbsp;<\/p><p>L\u2019informativa si ispira anche alla Raccomandazione n. 2\/2001 che le autorit\u00e0&nbsp; europee per la protezione dei dati personali, riunite nel Gruppo istituito dall\u2019art.29 della Direttiva Europea N\u00b0 95\/46\/CE, hanno adottato il 17 maggio 2001 per individuare alcuni requisiti minimi per la raccolta di dati personali on-line, e, in particolare, le modalit\u00e0 , i tempi e la natura delle informazioni che i titolari del trattamento devono fornire agli utenti quando questi si collegano a pagine web, indipendentemente dagli scopi del collegamento.<\/p><p>L\u2019informativa \u00e8 resa solo per il sito di propriet\u00e0 di Quadrante Igiene S.r.l.&nbsp; e non anche per altri siti Web eventualmente consultati dall\u2019utente tramite link<\/p><p>&nbsp;<\/p><p>Ti comunichiamo perci\u00f2 le seguenti informazioni:<\/p><p><strong>Natura dei dati trattati:<\/strong> se ti iscrivi come utente sul sito www.quadranteigiene.it, Quadrante Igiene S.r.l. tratter\u00e0 i tuoi dati anagrafici e fiscali, nonch\u00e9 i dati di natura economica che sono necessari per lo svolgimento dei rapporti tra te e la Societ\u00e0. Generalmente, non vengono trattati dati sensibili o giudiziari, ma nel caso ci\u00f2 si rendesse necessario verr\u00e0 fatto previo il tuo consenso.<\/p><p>&nbsp;<\/p><p><strong>Finalit\u00e0 del trattamento:<\/strong> in caso di tua iscrizione a Quadrante Igiene S.r.l. attraverso il sito www.quadranteigiene.it, i tuoi dati personali verranno trattati sempre con il tuo consenso per espletare i servizi da te richiesti, per il conseguimento delle finalit\u00e0 ricomprese nel nostro statuto, e in relazione alle eventuali esigenze contrattuali ed ai conseguenti adempimenti degli obblighi legali e fiscali. I tuoi dati saranno trattati per tutta la durata del rapporto ed anche successivamente per ottemperare agli obblighi di legge e per finalit\u00e0 amministrative e commerciali.<\/p><p>&nbsp;<\/p><p><strong>Modalit\u00e0 del trattamento dei dati:<\/strong> il trattamento dei tuoi dati personali sar\u00e0 improntato ai principi di liceit\u00e0, correttezza e trasparenza, tutelando la tua riservatezza nonch\u00e9 quelli dei tuoi familiari, in osservanza dei principi di cui all\u2019articolo 5 del REG. UE. Il trattamento pu\u00f2 essere effettuato con modalit\u00e0 manuali, con documenti cartacei ed anche con l\u2019ausilio di mezzi elettronici o comunque automatizzati;<\/p><p>I dati sono raccolti e trattati presso la sede di Quadrante Igiene S.r.l., presso appositi archivi documentali\/Server.<\/p><p>I tuoi dati personali sono trattati utilizzando idonee misure di sicurezza tecniche e organizzative ai sensi dell\u2019art. 32 del REG. UE, in modo da garantire un livello di sicurezza adeguato al rischio riducendo al minimo i rischi di distruzione o perdita, di accesso non autorizzato o di trattamento non conforme alle finalit\u00e0 della raccolta.<\/p><p>I tuoi dati personali non sono oggetto di un processo decisionale automatizzato n\u00e9 di profilazione.<\/p><p>&nbsp;<\/p><p><strong>Dati di navigazione:<\/strong> Log files: i sistemi informatici e gli applicativi dedicati al funzionamento del sito web www.quadranteigiene.it rilevano, nel corso del loro normale funzionamento, alcuni dati (la cui trasmissione \u00e8 implicita nell\u2019uso dei protocolli di comunicazione di Internet) non associati a utenti direttamente identificabili. Tra i dati raccolti sono compresi gli indirizzi IP e i nomi di dominio dei computer utilizzati dagli utenti che si connettono al sito, gli indirizzi in notazione URI (Uniform Resource Identifier) delle risorse richieste, l\u2019orario della richiesta, il metodo utilizzato nel sottoporre la richiesta al server, la dimensione del file ottenuto in risposta, il codice numerico indicante lo stato della risposta data dal server (buon fine, errore, ecc.) ed altri parametri riguardanti il sistema operativo e l\u2019ambiente informatico utilizzato dall\u2019Utente. Questi dati vengono trattati, per il tempo strettamente necessario, al solo fine di ricavare informazioni statistiche anonime sull\u2019uso del sito e per controllarne il regolare funzionamento.<\/p><p>&nbsp;<\/p><p><strong>Dati forniti volontariamente dall\u2019utente<\/strong>: il tuo eventuale invio volontario ed esplicito di posta elettronica agli indirizzi indicati nei differenti canali di accesso del sito www.quadranteigiene.it e la compilazione dei \u201cform\u201d (maschere) specificamente predisposti comportano la nostra successiva acquisizione del tuo indirizzo email e altri tuoi dati, necessari per rispondere alle tue richieste e\/o erogare il servizio che ci richiedi. Specifiche informative di sintesi possono essere riportate o visualizzate nelle pagine del sito predisposte per particolari servizi a richiesta.<\/p><p>&nbsp;<\/p><p><strong>Obbligo o facolt\u00e0 di conferire i dati e conseguenze dell\u2019eventuale rifiuto:<\/strong> per quanto riguarda i dati che siamo obbligati a conoscere per adempiere agli obblighi previsti da leggi e normative nazionali, regolamenti dell\u2019Ue, ovvero da disposizioni impartite da Autorit\u00e0 legittimate dalla legge e da organi di vigilanza e controllo, il loro mancato conferimento da parte tua comporter\u00e0 l\u2019impossibilit\u00e0 di instaurare o proseguire il rapporto, nei limiti in cui tali dati sono necessari per lo svolgimento dello stesso. Per ci\u00f2 che concerne invece i dati che non siamo obbligati a conoscere, il loro mancato ottenimento sar\u00e0 da noi valutato di volta in volta, e determiner\u00e0 le conseguenti decisioni rapportate all\u2019importanza che hanno per noi i dati non forniti.<\/p><p>&nbsp;<\/p><p><strong>C<\/strong><strong>omunicazione e diffusione:<\/strong> i dati che raccogliamo non vengono da noi \u201cdiffusi\u201d indiscriminatamente, con tale termine intendendosi il darne conoscenza a soggetti indeterminati in qualunque modo.<\/p><p>I tuoi dati personali potranno invece essere da noi \u201ccomunicati\u201d, con tale termine intendendosi il darne conoscenza ad uno o pi\u00f9 soggetti determinati, nei seguenti termini: a) a soggetti autorizzati all\u2019interno della nostra struttura, ed in particolare agli addetti dei nostri uffici amministrativi; b) a soggetti che possono accedere ai dati in forza di normative o di disposizioni di legge, sempre nei limiti da queste previsti; c) a soggetti che hanno necessit\u00e0 di accedere ai dati per finalit\u00e0 ausiliarie al rapporto intercorrente, nei limiti strettamente necessari per svolgere i compiti ausiliari loro affidati (ad esempio gli istituti di credito e gli spedizionieri); d) a soggetti nostri consulenti, nei limiti necessari per svolgere il loro incarico con il dovere di riservatezza e sicurezza; e) ad altri soggetti interni o esterni alla Societ\u00e0 che siano tenuti a conoscerli nella loro qualit\u00e0 di partners nelle attivit\u00e0 di vendita.<\/p><p><strong>&nbsp;<\/strong><\/p><p><strong>Periodo di conservazione dei dati personali:<\/strong> la conservazione dei dati sar\u00e0 effettuata per il periodo strettamente necessario al raggiungimento delle finalit\u00e0 della societ\u00e0 e comunque non superiore a 5 anni.<\/p><p>&nbsp;<\/p><p><strong>Diritti dell\u2019interessato:<\/strong> in ogni momento, ove da te esercitabili, ai sensi dell\u2019art. 7 del D. Lgs. 196\/2003 e degli articoli dal 15 al 22 del Regolamento, avr\u00e0 il diritto di:<\/p><ol><li>a) chiedere la conferma dell\u2019esistenza o meno di propri dati personali; b)ottenere le indicazioni circa le finalit\u00e0 del trattamento, le categorie dei dati personali, i destinatari o le categorie di destinatari a cui i dati personali sono stati o saranno comunicati e, quando possibile, il periodo di conservazione; c) ottenere la rettifica e la cancellazione dei dati; d) ottenere la limitazione del trattamento; e) (ove applicabile) ottenere la portabilit\u00e0 dei dati, ossia riceverli da un titolare del trattamento, in un formato strutturato, di uso comune e leggibile da dispositivo automatico, e trasmetterli ad un altro titolare del trattamento senza impedimenti; f) opporsi al trattamento in qualsiasi momento ed anche nel caso di trattamento per finalit\u00e0 di marketing diretto; g) opporsi ad un processo decisionale automatizzato relativo alle persone \ufb01siche, compresa la profilazione; h) chiedere al titolare del trattamento l\u2019accesso ai dati personali e la rettifica o la cancellazione degli stessi o la limitazione del trattamento che lo riguardano o di opporsi al loro trattamento, oltre al diritto alla portabilit\u00e0 dei dati; i) revocare il consenso in qualsiasi momento senza pregiudicare la liceit\u00e0 del trattamento basata sul consenso prestato prima della revoca.<\/li><\/ol><p>Anche se siamo sempre a tua disposizione per esaminare le tue richieste e risolvere gli eventuali problemi che potrebbero riguardare il trattamento dei tuoi dati personali, ti ricordiamo inoltre che in ogni caso sei sempre legittimato a proporre un reclamo presso l\u2019Autorit\u00e0 di controllo italiana, ovvero il Garante per la protezione dei dati personali con sede in Roma, Piazza di Monte Citorio n. 121, sito web ufficiale dell\u2019Autorit\u00e0 www.garanteprivacy.it<\/p><p>L\u2019esercizio dei diritti non \u00e8 soggetto ad alcun vincolo di forma ed \u00e8 gratuito.<\/p><p>&nbsp;<\/p><p><strong>Identit\u00e0 e dati di contatto del Titolare del Trattamento Dati<\/strong>: il Titolare del trattamento dei dati \u00e8 la persona fisica o giuridica, l\u2019autorit\u00e0 pubblica, il servizio o altro organismo che, singolarmente o insieme ad altri, determina le finalit\u00e0 e i mezzi di trattamento di dati personali.<\/p><p>&nbsp;<\/p><p>Il Titolare del trattamento dei tuoi dati personali \u00e8 Quadrante Igiene S.r.l. con sede in Via Pietro Fumaroli n. 22 \u2013 00155 Roma.<\/p><p>Per esercitare i tuoi diritti puoi contattarci in ogni momento all\u2019indirizzo di posta elettronica <a href=\"mailto:info@quadranteigiene.it\">info@quadranteigiene.it<\/a>.<\/p><p><em>&nbsp;<\/em><\/p><p><em>Versione 1.0 del 1\/aprile\/2021<\/em><\/p>\t\t\t\t\t\t\t\t<\/div>\n\t\t\t\t<\/div>\n\t\t\t\t\t<\/div>\n\t\t<\/div>\n\t\t\t\t\t<\/div>\n\t\t<\/section>\n\t\t\t\t<\/div>\n\t\t","protected":false},"excerpt":{"rendered":"<p>Privacy Policy INFORMATIVA SUL TRATTAMENTO DEI DATI PERSONALI ai sensi dell\u2019articolo 13 del D. Lgs. 196\/2003 e dell\u2019articolo 13 del Regolamento UE 2016\/679 relativo alla protezione delle persone fisiche con riguardo al trattamento dei dati personali Quadrante Igiene S.r.l. per gestire i rapporti con i propri utenti, acquisisce solitamente i loro dati personali attraverso il&hellip;<\/p>\n","protected":false},"author":1,"featured_media":0,"parent":0,"menu_order":990,"comment_status":"closed","ping_status":"closed","template":"elementor_header_footer","meta":{"footnotes":""},"class_list":["post-6978","page","type-page","status-publish","hentry"],"_links":{"self":[{"href":"https:\/\/www.quadranteigiene.it\/index.php\/wp-json\/wp\/v2\/pages\/6978","targetHints":{"allow":["GET"]}}],"collection":[{"href":"https:\/\/www.quadranteigiene.it\/index.php\/wp-json\/wp\/v2\/pages"}],"about":[{"href":"https:\/\/www.quadranteigiene.it\/index.php\/wp-json\/wp\/v2\/types\/page"}],"author":[{"embeddable":true,"href":"https:\/\/www.quadranteigiene.it\/index.php\/wp-json\/wp\/v2\/users\/1"}],"replies":[{"embeddable":true,"href":"https:\/\/www.quadranteigiene.it\/index.php\/wp-json\/wp\/v2\/comments?post=6978"}],"version-history":[{"count":3,"href":"https:\/\/www.quadranteigiene.it\/index.php\/wp-json\/wp\/v2\/pages\/6978\/revisions"}],"predecessor-version":[{"id":8630,"href":"https:\/\/www.quadranteigiene.it\/index.php\/wp-json\/wp\/v2\/pages\/6978\/revisions\/8630"}],"wp:attachment":[{"href":"https:\/\/www.quadranteigiene.it\/index.php\/wp-json\/wp\/v2\/media?parent=6978"}],"curies":[{"name":"wp","href":"https:\/\/api.w.org\/{rel}","templated":true}]}}